{"id":866,"date":"2023-08-14T14:34:24","date_gmt":"2023-08-14T14:34:24","guid":{"rendered":"https:\/\/voodoo-circus.com\/?page_id=866"},"modified":"2023-08-30T12:30:09","modified_gmt":"2023-08-30T12:30:09","slug":"bally-roll","status":"publish","type":"page","link":"https:\/\/voodoo-circus.com\/en\/games\/bally-roll\/","title":{"rendered":"Bally Roll"},"content":{"rendered":"<div data-elementor-type=\"wp-page\" data-elementor-id=\"866\" class=\"elementor elementor-866\">\n\t\t\t\t\t\t<section class=\"elementor-section elementor-top-section elementor-element elementor-element-93y1egr elementor-section-full_width elementor-section-height-default elementor-section-height-default\" data-id=\"93y1egr\" data-element_type=\"section\" data-settings=\"{&quot;background_background&quot;:&quot;classic&quot;}\">\n\t\t\t\t\t\t\t<div class=\"elementor-background-overlay\"><\/div>\n\t\t\t\t\t\t\t<div class=\"elementor-container elementor-column-gap-no\">\n\t\t\t\t\t<div class=\"elementor-column elementor-col-100 elementor-top-column elementor-element elementor-element-5ffd739\" data-id=\"5ffd739\" data-element_type=\"column\">\n\t\t\t<div class=\"elementor-widget-wrap elementor-element-populated\">\n\t\t\t\t\t\t<div class=\"elementor-element elementor-element-db39ed2 elementor-widget elementor-widget-image\" data-id=\"db39ed2\" data-element_type=\"widget\" data-widget_type=\"image.default\">\n\t\t\t\t<div class=\"elementor-widget-container\">\n\t\t\t\t\t\t\t\t\t\t\t\t\t\t\t<img decoding=\"async\" src=\"https:\/\/voodoo-circus.com\/wp-content\/uploads\/elementor\/thumbs\/bally_header_big1-qay2bammo81l3jbm8npc62sdjf29lmyw47wx5vo58o.png\" title=\"bally_header_big1\" alt=\"bally_header_big1\" loading=\"lazy\" \/>\t\t\t\t\t\t\t\t\t\t\t\t\t\t\t<\/div>\n\t\t\t\t<\/div>\n\t\t\t\t<section class=\"elementor-section elementor-inner-section elementor-element elementor-element-e07b74c elementor-section-boxed elementor-section-height-default elementor-section-height-default\" data-id=\"e07b74c\" data-element_type=\"section\">\n\t\t\t\t\t\t<div class=\"elementor-container elementor-column-gap-no\">\n\t\t\t\t\t<div class=\"elementor-column elementor-col-100 elementor-inner-column elementor-element elementor-element-2e93442\" data-id=\"2e93442\" data-element_type=\"column\">\n\t\t\t<div class=\"elementor-widget-wrap elementor-element-populated\">\n\t\t\t\t\t\t<div class=\"elementor-element elementor-element-d5dc303 elementor-widget elementor-widget-heading\" data-id=\"d5dc303\" data-element_type=\"widget\" data-widget_type=\"heading.default\">\n\t\t\t\t<div class=\"elementor-widget-container\">\n\t\t\t\t\t<h1 class=\"elementor-heading-title elementor-size-default\">Bally Roll<\/h1>\t\t\t\t<\/div>\n\t\t\t\t<\/div>\n\t\t\t\t<div class=\"elementor-element elementor-element-244c0bb elementor-widget elementor-widget-text-editor\" data-id=\"244c0bb\" data-element_type=\"widget\" data-widget_type=\"text-editor.default\">\n\t\t\t\t<div class=\"elementor-widget-container\">\n\t\t\t\t\t\t\t\t\t<p>Mobile Game | Endless Runner<\/p>\t\t\t\t\t\t\t\t<\/div>\n\t\t\t\t<\/div>\n\t\t\t\t<div class=\"elementor-element elementor-element-004f687 elementor-widget-divider--view-line elementor-widget elementor-widget-divider\" data-id=\"004f687\" data-element_type=\"widget\" data-widget_type=\"divider.default\">\n\t\t\t\t<div class=\"elementor-widget-container\">\n\t\t\t\t\t\t\t<div class=\"elementor-divider\">\n\t\t\t<span class=\"elementor-divider-separator\">\n\t\t\t\t\t\t<\/span>\n\t\t<\/div>\n\t\t\t\t\t\t<\/div>\n\t\t\t\t<\/div>\n\t\t\t\t\t<\/div>\n\t\t<\/div>\n\t\t\t\t\t<\/div>\n\t\t<\/section>\n\t\t\t\t\t<\/div>\n\t\t<\/div>\n\t\t\t\t\t<\/div>\n\t\t<\/section>\n\t\t\t\t<section class=\"elementor-section elementor-top-section elementor-element elementor-element-vgn8in4 elementor-section-content-middle elementor-section-boxed elementor-section-height-default elementor-section-height-default\" data-id=\"vgn8in4\" data-element_type=\"section\" data-settings=\"{&quot;background_background&quot;:&quot;classic&quot;}\">\n\t\t\t\t\t\t\t<div class=\"elementor-background-overlay\"><\/div>\n\t\t\t\t\t\t\t<div class=\"elementor-container elementor-column-gap-no\">\n\t\t\t\t\t<div class=\"elementor-column elementor-col-33 elementor-top-column elementor-element elementor-element-19be28e\" data-id=\"19be28e\" data-element_type=\"column\">\n\t\t\t<div class=\"elementor-widget-wrap elementor-element-populated\">\n\t\t\t\t\t\t<div class=\"elementor-element elementor-element-3935697 elementor-widget elementor-widget-heading\" data-id=\"3935697\" data-element_type=\"widget\" data-widget_type=\"heading.default\">\n\t\t\t\t<div class=\"elementor-widget-container\">\n\t\t\t\t\t<h2 class=\"elementor-heading-title elementor-size-default\">Game Concept and Story<\/h2>\t\t\t\t<\/div>\n\t\t\t\t<\/div>\n\t\t\t\t<div class=\"elementor-element elementor-element-491352d elementor-widget elementor-widget-text-editor\" data-id=\"491352d\" data-element_type=\"widget\" data-widget_type=\"text-editor.default\">\n\t\t\t\t<div class=\"elementor-widget-container\">\n\t\t\t\t\t\t\t\t\t<p>Test Projekt, erh\u00e4ltlich im\u00a0 Google Playstore von 2016 bis 2020<\/p>\t\t\t\t\t\t\t\t<\/div>\n\t\t\t\t<\/div>\n\t\t\t\t\t<\/div>\n\t\t<\/div>\n\t\t\t\t<div class=\"elementor-column elementor-col-66 elementor-top-column elementor-element elementor-element-155952c\" data-id=\"155952c\" data-element_type=\"column\">\n\t\t\t<div class=\"elementor-widget-wrap elementor-element-populated\">\n\t\t\t\t\t\t<div class=\"elementor-element elementor-element-6ef8186 elementor-widget elementor-widget-text-editor\" data-id=\"6ef8186\" data-element_type=\"widget\" data-widget_type=\"text-editor.default\">\n\t\t\t\t<div class=\"elementor-widget-container\">\n\t\t\t\t\t\t\t\t\t<p>Roll, roll, roll your Bally, gently down the street\u2026<br \/>Test your concentration and reflexes with this engaging and challenging 'Endless Roller.' Avoid pressing on white sections and instead tap on the black ones. Beat the high score by switching Bally's color at the right moment, boosting your combo points to achieve the ultimate high score. The pace increases if you miss the timing for the switch, putting your skills and speed to the test. Focus, rack up points, and be the best among your friends. Be Bally!<br \/><br \/>Bally Roll was our first collaborative game project. We experimented with mobile development and created this little pastime for the Android Play Store. Unfortunately, it is no longer available on the Play Store<\/p>\t\t\t\t\t\t\t\t<\/div>\n\t\t\t\t<\/div>\n\t\t\t\t\t<\/div>\n\t\t<\/div>\n\t\t\t\t\t<\/div>\n\t\t<\/section>\n\t\t\t\t<section class=\"elementor-section elementor-top-section elementor-element elementor-element-69nfq9c elementor-section-boxed elementor-section-height-default elementor-section-height-default\" data-id=\"69nfq9c\" data-element_type=\"section\" data-settings=\"{&quot;background_background&quot;:&quot;classic&quot;}\">\n\t\t\t\t\t\t<div class=\"elementor-container elementor-column-gap-default\">\n\t\t\t\t\t<div class=\"elementor-column elementor-col-100 elementor-top-column elementor-element elementor-element-3bfd4be\" data-id=\"3bfd4be\" data-element_type=\"column\">\n\t\t\t<div class=\"elementor-widget-wrap elementor-element-populated\">\n\t\t\t\t\t\t<div class=\"elementor-element elementor-element-0a1f6a0 elementor-widget elementor-widget-heading\" data-id=\"0a1f6a0\" data-element_type=\"widget\" data-widget_type=\"heading.default\">\n\t\t\t\t<div class=\"elementor-widget-container\">\n\t\t\t\t\t<h2 class=\"elementor-heading-title elementor-size-default\">Screenshots and Concepts<\/h2>\t\t\t\t<\/div>\n\t\t\t\t<\/div>\n\t\t\t\t<div class=\"elementor-element elementor-element-c03f93f elementor-widget-divider--view-line elementor-widget elementor-widget-divider\" data-id=\"c03f93f\" data-element_type=\"widget\" data-widget_type=\"divider.default\">\n\t\t\t\t<div class=\"elementor-widget-container\">\n\t\t\t\t\t\t\t<div class=\"elementor-divider\">\n\t\t\t<span class=\"elementor-divider-separator\">\n\t\t\t\t\t\t<\/span>\n\t\t<\/div>\n\t\t\t\t\t\t<\/div>\n\t\t\t\t<\/div>\n\t\t\t\t<div class=\"elementor-element elementor-element-3741179 gallery-spacing-custom elementor-widget elementor-widget-image-gallery\" data-id=\"3741179\" data-element_type=\"widget\" data-widget_type=\"image-gallery.default\">\n\t\t\t\t<div class=\"elementor-widget-container\">\n\t\t\t\t\t\t\t<div class=\"elementor-image-gallery\">\n\t\t\t<div id='gallery-1' class='gallery galleryid-866 gallery-columns-3 gallery-size-full'><figure class='gallery-item'>\n\t\t\t<div class='gallery-icon portrait'>\n\t\t\t\t<a data-elementor-open-lightbox=\"yes\" data-elementor-lightbox-slideshow=\"3741179\" data-elementor-lightbox-title=\"marketingShot__0000_01\" data-e-action-hash=\"#elementor-action%3Aaction%3Dlightbox%26settings%3DeyJpZCI6ODk1LCJ1cmwiOiJodHRwczpcL1wvdm9vZG9vLWNpcmN1cy5jb21cL3dwLWNvbnRlbnRcL3VwbG9hZHNcLzIwMjNcLzA4XC9tYXJrZXRpbmdTaG90X18wMDAwXzAxLTEucG5nIiwic2xpZGVzaG93IjoiMzc0MTE3OSJ9\" href='https:\/\/voodoo-circus.com\/wp-content\/uploads\/2023\/08\/marketingShot__0000_01-1.png'><img fetchpriority=\"high\" decoding=\"async\" width=\"1536\" height=\"2048\" src=\"https:\/\/voodoo-circus.com\/wp-content\/uploads\/2023\/08\/marketingShot__0000_01-1.png\" class=\"attachment-full size-full\" alt=\"\" srcset=\"https:\/\/voodoo-circus.com\/wp-content\/uploads\/2023\/08\/marketingShot__0000_01-1.png 1536w, https:\/\/voodoo-circus.com\/wp-content\/uploads\/2023\/08\/marketingShot__0000_01-1-225x300.png 225w, https:\/\/voodoo-circus.com\/wp-content\/uploads\/2023\/08\/marketingShot__0000_01-1-768x1024.png 768w, https:\/\/voodoo-circus.com\/wp-content\/uploads\/2023\/08\/marketingShot__0000_01-1-1152x1536.png 1152w\" sizes=\"(max-width: 1536px) 100vw, 1536px\" \/><\/a>\n\t\t\t<\/div><\/figure><figure class='gallery-item'>\n\t\t\t<div class='gallery-icon portrait'>\n\t\t\t\t<a data-elementor-open-lightbox=\"yes\" data-elementor-lightbox-slideshow=\"3741179\" data-elementor-lightbox-title=\"marketingShot__0006_07\" data-e-action-hash=\"#elementor-action%3Aaction%3Dlightbox%26settings%3DeyJpZCI6ODk4LCJ1cmwiOiJodHRwczpcL1wvdm9vZG9vLWNpcmN1cy5jb21cL3dwLWNvbnRlbnRcL3VwbG9hZHNcLzIwMjNcLzA4XC9tYXJrZXRpbmdTaG90X18wMDA2XzA3LTEucG5nIiwic2xpZGVzaG93IjoiMzc0MTE3OSJ9\" href='https:\/\/voodoo-circus.com\/wp-content\/uploads\/2023\/08\/marketingShot__0006_07-1.png'><img decoding=\"async\" width=\"1536\" height=\"2048\" src=\"https:\/\/voodoo-circus.com\/wp-content\/uploads\/2023\/08\/marketingShot__0006_07-1.png\" class=\"attachment-full size-full\" alt=\"\" srcset=\"https:\/\/voodoo-circus.com\/wp-content\/uploads\/2023\/08\/marketingShot__0006_07-1.png 1536w, https:\/\/voodoo-circus.com\/wp-content\/uploads\/2023\/08\/marketingShot__0006_07-1-225x300.png 225w, https:\/\/voodoo-circus.com\/wp-content\/uploads\/2023\/08\/marketingShot__0006_07-1-768x1024.png 768w, https:\/\/voodoo-circus.com\/wp-content\/uploads\/2023\/08\/marketingShot__0006_07-1-1152x1536.png 1152w\" sizes=\"(max-width: 1536px) 100vw, 1536px\" \/><\/a>\n\t\t\t<\/div><\/figure><figure class='gallery-item'>\n\t\t\t<div class='gallery-icon portrait'>\n\t\t\t\t<a data-elementor-open-lightbox=\"yes\" data-elementor-lightbox-slideshow=\"3741179\" data-elementor-lightbox-title=\"marketingShot__0005_06\" data-e-action-hash=\"#elementor-action%3Aaction%3Dlightbox%26settings%3DeyJpZCI6ODk3LCJ1cmwiOiJodHRwczpcL1wvdm9vZG9vLWNpcmN1cy5jb21cL3dwLWNvbnRlbnRcL3VwbG9hZHNcLzIwMjNcLzA4XC9tYXJrZXRpbmdTaG90X18wMDA1XzA2LTEucG5nIiwic2xpZGVzaG93IjoiMzc0MTE3OSJ9\" href='https:\/\/voodoo-circus.com\/wp-content\/uploads\/2023\/08\/marketingShot__0005_06-1.png'><img decoding=\"async\" width=\"1536\" height=\"2048\" src=\"https:\/\/voodoo-circus.com\/wp-content\/uploads\/2023\/08\/marketingShot__0005_06-1.png\" class=\"attachment-full size-full\" alt=\"\" srcset=\"https:\/\/voodoo-circus.com\/wp-content\/uploads\/2023\/08\/marketingShot__0005_06-1.png 1536w, https:\/\/voodoo-circus.com\/wp-content\/uploads\/2023\/08\/marketingShot__0005_06-1-225x300.png 225w, https:\/\/voodoo-circus.com\/wp-content\/uploads\/2023\/08\/marketingShot__0005_06-1-768x1024.png 768w, https:\/\/voodoo-circus.com\/wp-content\/uploads\/2023\/08\/marketingShot__0005_06-1-1152x1536.png 1152w\" sizes=\"(max-width: 1536px) 100vw, 1536px\" \/><\/a>\n\t\t\t<\/div><\/figure><figure class='gallery-item'>\n\t\t\t<div class='gallery-icon portrait'>\n\t\t\t\t<a data-elementor-open-lightbox=\"yes\" data-elementor-lightbox-slideshow=\"3741179\" data-elementor-lightbox-title=\"marketingShot__0007_08\" data-e-action-hash=\"#elementor-action%3Aaction%3Dlightbox%26settings%3DeyJpZCI6ODk5LCJ1cmwiOiJodHRwczpcL1wvdm9vZG9vLWNpcmN1cy5jb21cL3dwLWNvbnRlbnRcL3VwbG9hZHNcLzIwMjNcLzA4XC9tYXJrZXRpbmdTaG90X18wMDA3XzA4LTEucG5nIiwic2xpZGVzaG93IjoiMzc0MTE3OSJ9\" href='https:\/\/voodoo-circus.com\/wp-content\/uploads\/2023\/08\/marketingShot__0007_08-1.png'><img loading=\"lazy\" decoding=\"async\" width=\"1536\" height=\"2048\" src=\"https:\/\/voodoo-circus.com\/wp-content\/uploads\/2023\/08\/marketingShot__0007_08-1.png\" class=\"attachment-full size-full\" alt=\"\" srcset=\"https:\/\/voodoo-circus.com\/wp-content\/uploads\/2023\/08\/marketingShot__0007_08-1.png 1536w, https:\/\/voodoo-circus.com\/wp-content\/uploads\/2023\/08\/marketingShot__0007_08-1-225x300.png 225w, https:\/\/voodoo-circus.com\/wp-content\/uploads\/2023\/08\/marketingShot__0007_08-1-768x1024.png 768w, https:\/\/voodoo-circus.com\/wp-content\/uploads\/2023\/08\/marketingShot__0007_08-1-1152x1536.png 1152w\" sizes=\"(max-width: 1536px) 100vw, 1536px\" \/><\/a>\n\t\t\t<\/div><\/figure><figure class='gallery-item'>\n\t\t\t<div class='gallery-icon portrait'>\n\t\t\t\t<a data-elementor-open-lightbox=\"yes\" data-elementor-lightbox-slideshow=\"3741179\" data-elementor-lightbox-title=\"marketingShot__0004_05\" data-e-action-hash=\"#elementor-action%3Aaction%3Dlightbox%26settings%3DeyJpZCI6ODk2LCJ1cmwiOiJodHRwczpcL1wvdm9vZG9vLWNpcmN1cy5jb21cL3dwLWNvbnRlbnRcL3VwbG9hZHNcLzIwMjNcLzA4XC9tYXJrZXRpbmdTaG90X18wMDA0XzA1LTEucG5nIiwic2xpZGVzaG93IjoiMzc0MTE3OSJ9\" href='https:\/\/voodoo-circus.com\/wp-content\/uploads\/2023\/08\/marketingShot__0004_05-1.png'><img loading=\"lazy\" decoding=\"async\" width=\"1536\" height=\"2048\" src=\"https:\/\/voodoo-circus.com\/wp-content\/uploads\/2023\/08\/marketingShot__0004_05-1.png\" class=\"attachment-full size-full\" alt=\"\" srcset=\"https:\/\/voodoo-circus.com\/wp-content\/uploads\/2023\/08\/marketingShot__0004_05-1.png 1536w, https:\/\/voodoo-circus.com\/wp-content\/uploads\/2023\/08\/marketingShot__0004_05-1-225x300.png 225w, https:\/\/voodoo-circus.com\/wp-content\/uploads\/2023\/08\/marketingShot__0004_05-1-768x1024.png 768w, https:\/\/voodoo-circus.com\/wp-content\/uploads\/2023\/08\/marketingShot__0004_05-1-1152x1536.png 1152w\" sizes=\"(max-width: 1536px) 100vw, 1536px\" \/><\/a>\n\t\t\t<\/div><\/figure>\n\t\t<\/div>\n\t\t<\/div>\n\t\t\t\t\t\t<\/div>\n\t\t\t\t<\/div>\n\t\t\t\t\t<\/div>\n\t\t<\/div>\n\t\t\t\t\t<\/div>\n\t\t<\/section>\n\t\t\t\t<\/div>","protected":false},"excerpt":{"rendered":"<p>Bally Roll Mobile Game | Endless Runner Spieleidee und Story Test Projekt, erh\u00e4ltlich im\u00a0 Google Playstore von 2016 bis 2020 Roll, roll, roll your Bally, gently down the street\u2026Teste deine Konzentration und deine Reflexe mit diesem kurzweiligen und fordernden \u201eEndlos Roller\u201c heraus. Dr\u00fccke nicht auf wei\u00dfen Levelteilen, halte daf\u00fcr auf schwarzen Levelteilen Knack den Highscore: [&hellip;]<\/p>","protected":false},"author":1,"featured_media":0,"parent":437,"menu_order":0,"comment_status":"closed","ping_status":"closed","template":"","meta":{"site-sidebar-layout":"no-sidebar","site-content-layout":"page-builder","ast-site-content-layout":"full-width-container","site-content-style":"unboxed","site-sidebar-style":"unboxed","ast-global-header-display":"","ast-banner-title-visibility":"","ast-main-header-display":"","ast-hfb-above-header-display":"","ast-hfb-below-header-display":"","ast-hfb-mobile-header-display":"","site-post-title":"disabled","ast-breadcrumbs-content":"","ast-featured-img":"disabled","footer-sml-layout":"","theme-transparent-header-meta":"","adv-header-id-meta":"","stick-header-meta":"","header-above-stick-meta":"","header-main-stick-meta":"","header-below-stick-meta":"","astra-migrate-meta-layouts":"set","ast-page-background-enabled":"default","ast-page-background-meta":{"desktop":{"background-color":"","background-image":"","background-repeat":"repeat","background-position":"center center","background-size":"auto","background-attachment":"scroll","background-type":"","background-media":"","overlay-type":"","overlay-color":"","overlay-gradient":""},"tablet":{"background-color":"","background-image":"","background-repeat":"repeat","background-position":"center center","background-size":"auto","background-attachment":"scroll","background-type":"","background-media":"","overlay-type":"","overlay-color":"","overlay-gradient":""},"mobile":{"background-color":"","background-image":"","background-repeat":"repeat","background-position":"center center","background-size":"auto","background-attachment":"scroll","background-type":"","background-media":"","overlay-type":"","overlay-color":"","overlay-gradient":""}},"ast-content-background-meta":{"desktop":{"background-color":"var(--ast-global-color-5)","background-image":"","background-repeat":"repeat","background-position":"center center","background-size":"auto","background-attachment":"scroll","background-type":"","background-media":"","overlay-type":"","overlay-color":"","overlay-gradient":""},"tablet":{"background-color":"var(--ast-global-color-5)","background-image":"","background-repeat":"repeat","background-position":"center center","background-size":"auto","background-attachment":"scroll","background-type":"","background-media":"","overlay-type":"","overlay-color":"","overlay-gradient":""},"mobile":{"background-color":"var(--ast-global-color-5)","background-image":"","background-repeat":"repeat","background-position":"center center","background-size":"auto","background-attachment":"scroll","background-type":"","background-media":"","overlay-type":"","overlay-color":"","overlay-gradient":""}},"footnotes":""},"class_list":["post-866","page","type-page","status-publish","hentry"],"_links":{"self":[{"href":"https:\/\/voodoo-circus.com\/en\/wp-json\/wp\/v2\/pages\/866","targetHints":{"allow":["GET"]}}],"collection":[{"href":"https:\/\/voodoo-circus.com\/en\/wp-json\/wp\/v2\/pages"}],"about":[{"href":"https:\/\/voodoo-circus.com\/en\/wp-json\/wp\/v2\/types\/page"}],"author":[{"embeddable":true,"href":"https:\/\/voodoo-circus.com\/en\/wp-json\/wp\/v2\/users\/1"}],"replies":[{"embeddable":true,"href":"https:\/\/voodoo-circus.com\/en\/wp-json\/wp\/v2\/comments?post=866"}],"version-history":[{"count":0,"href":"https:\/\/voodoo-circus.com\/en\/wp-json\/wp\/v2\/pages\/866\/revisions"}],"up":[{"embeddable":true,"href":"https:\/\/voodoo-circus.com\/en\/wp-json\/wp\/v2\/pages\/437"}],"wp:attachment":[{"href":"https:\/\/voodoo-circus.com\/en\/wp-json\/wp\/v2\/media?parent=866"}],"curies":[{"name":"wp","href":"https:\/\/api.w.org\/{rel}","templated":true}]}}