{"id":614,"date":"2023-08-08T20:49:48","date_gmt":"2023-08-08T20:49:48","guid":{"rendered":"https:\/\/voodoo-circus.com\/?page_id=614"},"modified":"2025-08-13T12:10:05","modified_gmt":"2025-08-13T12:10:05","slug":"impressum","status":"publish","type":"page","link":"https:\/\/voodoo-circus.com\/en\/impressum\/","title":{"rendered":"Legal Disclosure"},"content":{"rendered":"<div data-elementor-type=\"wp-page\" data-elementor-id=\"614\" class=\"elementor elementor-614\">\n\t\t\t\t<div class=\"elementor-element elementor-element-00fb042 e-flex e-con-boxed e-con e-parent\" data-id=\"00fb042\" data-element_type=\"container\">\n\t\t\t\t\t<div class=\"e-con-inner\">\n\t\t\t\t<div class=\"elementor-element elementor-element-b1f9736 elementor-widget elementor-widget-text-editor\" data-id=\"b1f9736\" data-element_type=\"widget\" data-widget_type=\"text-editor.default\">\n\t\t\t\t<div class=\"elementor-widget-container\">\n\t\t\t\t\t\t\t\t\t<h3><\/h3>\n<h3>Legal Disclosure<\/h3>\n<p><\/p>\n<p><\/p>\n<p><\/p>\n<p><\/p>\n<p><\/p>\n<p>Voodoo Circus GmbH &amp; Co. KG<br>Fuchsweg 29,<br>84051 Essenbach<\/p>\n<p><\/p>\n<p><\/p>\n<p><\/p>\n<p>Landshut HRA 12733<br>VAT DE331841522<\/p>\n<p><\/p>\n<p><\/p>\n<p><\/p>\n<p>PhG Voodoo Director GmbH<br>Landshut HRB 14365<\/p>\n<p>Managing directors:<br>Sabine Dorfner, Daniel Dorfner, Philipp Schindler, Thomas Blickling<\/p>\n<p><\/p>\n<p><\/p>\n<p><\/p>\n<h3 class=\"wp-block-heading\">Contact<\/h3>\n<p>E-Mail: <a href=\"\/en\/&\/#x6d;&#x61;&#x69;&#x6c;&#116;&#111;:ma&#x69;&#x6c;&#x40;&#x76;&#111;&#111;doo&#x2d;&#x63;&#x69;&#x72;&#99;&#117;&#115;&#46;c&#x6f;&#x6d;\">&#x6d;a&#x69;&#108;&#x40;&#118;&#x6f;&#x6f;d&#x6f;&#111;&#x2d;&#99;&#x69;&#114;c&#x75;&#115;&#x2e;&#99;&#x6f;&#109;<\/a><br>Internetaddress <a href=\"https:\/\/voodoo-circus.com\/en\/\" target=\"_blank\" rel=\"noopener noreferrer\">www.voodoo-circus.com<\/a><\/p>\n<p><\/p>\n<p><\/p>\n<p><\/p>\n<h3 class=\"wp-block-heading\">Disclaimer<\/h3>\n<p><\/p>\n<p><\/p>\n<p><\/p>\n<p><b>Accountability for content<\/b><br>The content of our pages has been created with the greatest care. However, we cannot guarantee the accuracy, completeness, or timeliness of the content. As a service provider, we are responsible for our own content on these pages in accordance with general laws. <span style=\"font-size: 16px;\">However, we are not obliged to monitor transmitted or stored third-party information or to investigate circumstances that indicate unlawful activity.<\/span><\/p>\n<p>Obligations to remove or block the use of information in accordance with general laws remain unaffected. However, liability in this regard is only possible from the time we become aware of a specific legal infringement. As soon as we become aware of such infringements, we will remove the content immediately.<\/p>\n<p><\/p>\n<p><\/p>\n<p><\/p>\n<p><\/p><p><b>Accountability for links<br><\/b><span style=\"font-style: inherit; font-weight: inherit;\">Responsibility for the content of external links (to web pages of third parties) lies solely with the operators of the linked pages. No violations were evident to us at the time of linking. Should any legal infringement become known to us, we will remove the respective link immediately.<\/span><\/p>\n<p><\/p>\n<p><\/p>\n<p><\/p>\n<p><p><b>Copyright<br><\/b><span style=\"font-style: inherit; font-weight: inherit;\">Our web pages and their contents are subject to German copyright law. Unless expressly permitted by law (\u00a7 44a et seq. of the copyright law), every form of utilizing, reproducing or processing works subject to copyright protection on our web pages requires the prior consent of the respective owner of the rights. Individual reproductions of a work are allowed only for private use, so must not serve either directly or indirectly for earnings. Unauthorized utilization of copyrighted works is punishable (\u00a7 106 of the copyright law).<\/span><\/p><\/p>\n<p><\/p>\n<p><\/p>\n<p><\/p>\n<p><i>Source: <\/i><a href=\"http:\/\/www.muster-vorlagen.net\" target=\"_blank\" rel=\"noopener noreferrer\">Mustervorlagen f\u00fcr das Impressum &#8211; muster-vorlagen.net<\/a><\/p>\n<p><\/p>\n<p><\/p>\n<p><\/p>\n<p><\/p>\n<h3><\/h3>\t\t\t\t\t\t\t\t<\/div>\n\t\t\t\t<\/div>\n\t\t\t\t\t<\/div>\n\t\t\t\t<\/div>\n\t\t\t\t<\/div>","protected":false},"excerpt":{"rendered":"<p>Impressum Voodoo Circus GmbH &amp; Co. KGFuchsweg 29,84051 Essenbach Landshut HRA 12733VAT DE331841522 PhG Voodoo Director GmbHLandshut HRB 14365 Gesch\u00e4ftsf\u00fchrer:Sabine Dorfner, Daniel Dorfner, Philipp Schindler, Thomas Blickling Kontakt E-Mail: &#109;&#x61;i&#x6c;&#64;&#118;&#x6f;&#111;&#x64;o&#111;&#x2d;&#99;&#x69;r&#x63;&#x75;&#115;&#x2e;c&#x6f;mInternetadresse: www.voodoo-circus.com Haftungsausschluss Haftung f\u00fcr InhalteDie Inhalte unserer Seiten wurden mit gr\u00f6\u00dfter Sorgfalt erstellt. F\u00fcr die Richtigkeit, Vollst\u00e4ndigkeit und Aktualit\u00e4t der Inhalte k\u00f6nnen wir jedoch keine [&hellip;]<\/p>","protected":false},"author":1,"featured_media":0,"parent":0,"menu_order":0,"comment_status":"closed","ping_status":"closed","template":"","meta":{"site-sidebar-layout":"no-sidebar","site-content-layout":"page-builder","ast-site-content-layout":"full-width-container","site-content-style":"unboxed","site-sidebar-style":"unboxed","ast-global-header-display":"","ast-banner-title-visibility":"","ast-main-header-display":"","ast-hfb-above-header-display":"","ast-hfb-below-header-display":"","ast-hfb-mobile-header-display":"","site-post-title":"disabled","ast-breadcrumbs-content":"","ast-featured-img":"disabled","footer-sml-layout":"","theme-transparent-header-meta":"","adv-header-id-meta":"","stick-header-meta":"","header-above-stick-meta":"","header-main-stick-meta":"","header-below-stick-meta":"","astra-migrate-meta-layouts":"set","ast-page-background-enabled":"default","ast-page-background-meta":{"desktop":{"background-color":"","background-image":"","background-repeat":"repeat","background-position":"center center","background-size":"auto","background-attachment":"scroll","background-type":"","background-media":"","overlay-type":"","overlay-color":"","overlay-gradient":""},"tablet":{"background-color":"","background-image":"","background-repeat":"repeat","background-position":"center center","background-size":"auto","background-attachment":"scroll","background-type":"","background-media":"","overlay-type":"","overlay-color":"","overlay-gradient":""},"mobile":{"background-color":"","background-image":"","background-repeat":"repeat","background-position":"center center","background-size":"auto","background-attachment":"scroll","background-type":"","background-media":"","overlay-type":"","overlay-color":"","overlay-gradient":""}},"ast-content-background-meta":{"desktop":{"background-color":"var(--ast-global-color-5)","background-image":"","background-repeat":"repeat","background-position":"center center","background-size":"auto","background-attachment":"scroll","background-type":"","background-media":"","overlay-type":"","overlay-color":"","overlay-gradient":""},"tablet":{"background-color":"var(--ast-global-color-5)","background-image":"","background-repeat":"repeat","background-position":"center center","background-size":"auto","background-attachment":"scroll","background-type":"","background-media":"","overlay-type":"","overlay-color":"","overlay-gradient":""},"mobile":{"background-color":"var(--ast-global-color-5)","background-image":"","background-repeat":"repeat","background-position":"center center","background-size":"auto","background-attachment":"scroll","background-type":"","background-media":"","overlay-type":"","overlay-color":"","overlay-gradient":""}},"footnotes":""},"class_list":["post-614","page","type-page","status-publish","hentry"],"_links":{"self":[{"href":"https:\/\/voodoo-circus.com\/en\/wp-json\/wp\/v2\/pages\/614","targetHints":{"allow":["GET"]}}],"collection":[{"href":"https:\/\/voodoo-circus.com\/en\/wp-json\/wp\/v2\/pages"}],"about":[{"href":"https:\/\/voodoo-circus.com\/en\/wp-json\/wp\/v2\/types\/page"}],"author":[{"embeddable":true,"href":"https:\/\/voodoo-circus.com\/en\/wp-json\/wp\/v2\/users\/1"}],"replies":[{"embeddable":true,"href":"https:\/\/voodoo-circus.com\/en\/wp-json\/wp\/v2\/comments?post=614"}],"version-history":[{"count":0,"href":"https:\/\/voodoo-circus.com\/en\/wp-json\/wp\/v2\/pages\/614\/revisions"}],"wp:attachment":[{"href":"https:\/\/voodoo-circus.com\/en\/wp-json\/wp\/v2\/media?parent=614"}],"curies":[{"name":"wp","href":"https:\/\/api.w.org\/{rel}","templated":true}]}}